{"id":775,"date":"2024-04-30T12:38:42","date_gmt":"2024-04-30T16:38:42","guid":{"rendered":"https:\/\/www.xtechtro.ca\/?page_id=775"},"modified":"2024-04-30T12:41:12","modified_gmt":"2024-04-30T16:41:12","slug":"politique-de-confidentialite-2","status":"publish","type":"page","link":"https:\/\/www.xtechtro.ca\/index.php\/politique-de-confidentialite-2\/","title":{"rendered":"Politique de Confidentialit\u00e9"},"content":{"rendered":"\t\t<div data-elementor-type=\"wp-page\" data-elementor-id=\"775\" class=\"elementor elementor-775\" data-elementor-post-type=\"page\">\n\t\t\t\t<div class=\"elementor-element elementor-element-f6ceccf e-flex e-con-boxed e-con e-parent\" data-id=\"f6ceccf\" data-element_type=\"container\">\n\t\t\t\t\t<div class=\"e-con-inner\">\n\t\t\t\t<div class=\"elementor-element elementor-element-7516c06 elementor-widget elementor-widget-heading\" data-id=\"7516c06\" data-element_type=\"widget\" data-widget_type=\"heading.default\">\n\t\t\t\t<div class=\"elementor-widget-container\">\n\t\t\t<style>\/*! elementor - v3.21.0 - 30-04-2024 *\/\n.elementor-heading-title{padding:0;margin:0;line-height:1}.elementor-widget-heading .elementor-heading-title[class*=elementor-size-]>a{color:inherit;font-size:inherit;line-height:inherit}.elementor-widget-heading .elementor-heading-title.elementor-size-small{font-size:15px}.elementor-widget-heading .elementor-heading-title.elementor-size-medium{font-size:19px}.elementor-widget-heading .elementor-heading-title.elementor-size-large{font-size:29px}.elementor-widget-heading .elementor-heading-title.elementor-size-xl{font-size:39px}.elementor-widget-heading .elementor-heading-title.elementor-size-xxl{font-size:59px}<\/style><h2 class=\"elementor-heading-title elementor-size-default\">Politique de Confidentialit\u00e9<\/h2>\t\t<\/div>\n\t\t\t\t<\/div>\n\t\t\t\t\t<\/div>\n\t\t\t\t<\/div>\n\t\t<div class=\"elementor-element elementor-element-f5aed16 e-flex e-con-boxed e-con e-parent\" data-id=\"f5aed16\" data-element_type=\"container\">\n\t\t\t\t\t<div class=\"e-con-inner\">\n\t\t\t\t<div class=\"elementor-element elementor-element-3da09f0 elementor-widget elementor-widget-text-editor\" data-id=\"3da09f0\" data-element_type=\"widget\" data-widget_type=\"text-editor.default\">\n\t\t\t\t<div class=\"elementor-widget-container\">\n\t\t\t<style>\/*! elementor - v3.21.0 - 30-04-2024 *\/\n.elementor-widget-text-editor.elementor-drop-cap-view-stacked .elementor-drop-cap{background-color:#69727d;color:#fff}.elementor-widget-text-editor.elementor-drop-cap-view-framed .elementor-drop-cap{color:#69727d;border:3px solid;background-color:transparent}.elementor-widget-text-editor:not(.elementor-drop-cap-view-default) .elementor-drop-cap{margin-top:8px}.elementor-widget-text-editor:not(.elementor-drop-cap-view-default) .elementor-drop-cap-letter{width:1em;height:1em}.elementor-widget-text-editor .elementor-drop-cap{float:left;text-align:center;line-height:1;font-size:50px}.elementor-widget-text-editor .elementor-drop-cap-letter{display:inline-block}<\/style>\t\t\t\t<p><strong>Derni\u00e8re mise \u00e0 jour : [30\/04\/2024]<\/strong><\/p><h2>1. Introduction<\/h2><p>Chez Xtechtro, situ\u00e9 au Qu\u00e9bec, nous nous engageons \u00e0 prot\u00e9ger la confidentialit\u00e9 et la s\u00e9curit\u00e9 de vos donn\u00e9es personnelles. Cette Politique de Confidentialit\u00e9 explique comment nous collectons, utilisons, divulguons, et prot\u00e9geons les informations que vous nous fournissez lorsque vous utilisez notre site web www.xtechtro.ca.<\/p><h2>2. Informations Collect\u00e9es<\/h2><p>Nous collectons les informations suivantes lorsque vous utilisez notre site :<\/p><ul><li><strong>Informations personnelles<\/strong> : Nom, adresse email, num\u00e9ro de t\u00e9l\u00e9phone, etc., que vous fournissez volontairement lors de l&rsquo;inscription ou lors de la prise de contact.<\/li><li><strong>Donn\u00e9es techniques<\/strong> : Adresse IP, type de navigateur, pages visit\u00e9es, et autres donn\u00e9es de journal pour am\u00e9liorer votre exp\u00e9rience utilisateur.<\/li><\/ul><h2>3. Utilisation des Informations<\/h2><p>Vos donn\u00e9es personnelles sont utilis\u00e9es pour :<\/p><ul><li>Fournir nos services et r\u00e9pondre \u00e0 vos demandes.<\/li><li>Am\u00e9liorer et personnaliser votre exp\u00e9rience sur notre site.<\/li><li>Communiquer avec vous, y compris pour vous envoyer des informations sur des modifications ou des am\u00e9liorations de nos services.<\/li><\/ul><h2>4. Partage des Informations<\/h2><p>Nous ne partageons vos donn\u00e9es personnelles avec des tiers que dans les cas suivants :<\/p><ul><li>Consentement explicite de votre part.<\/li><li>Demandes l\u00e9gitimes des autorit\u00e9s judiciaires conform\u00e9ment aux lois en vigueur.<\/li><li>Partenaires de confiance agissant pour notre compte sous des accords de confidentialit\u00e9 stricts.<\/li><\/ul><h2>5. S\u00e9curit\u00e9<\/h2><p>Nous mettons en \u0153uvre des mesures de s\u00e9curit\u00e9 technologiques et organisationnelles pour prot\u00e9ger vos donn\u00e9es contre l&rsquo;acc\u00e8s non autoris\u00e9, la modification, la divulgation ou la destruction.<\/p><h2>6. Vos Droits<\/h2><p>En vertu de la loi qu\u00e9b\u00e9coise, vous avez le droit de demander l&rsquo;acc\u00e8s, la rectification, ou la suppression de vos informations personnelles. Si vous souhaitez exercer ces droits, veuillez nous contacter \u00e0 [adresse email].<\/p><h2>7. Modifications de Cette Politique<\/h2><p>Nous pouvons mettre \u00e0 jour cette Politique de Confidentialit\u00e9 \u00e0 tout moment. Nous vous invitons \u00e0 la consulter r\u00e9guli\u00e8rement pour prendre connaissance des modifications.<\/p><h2>8. Contact<\/h2><p>Pour toute question ou pr\u00e9occupation concernant cette politique ou vos donn\u00e9es personnelles, veuillez nous contacter \u00e0 info@legroupfitz.com.<\/p>\t\t\t\t\t\t<\/div>\n\t\t\t\t<\/div>\n\t\t\t\t\t<\/div>\n\t\t\t\t<\/div>\n\t\t\t\t<\/div>\n\t\t","protected":false},"excerpt":{"rendered":"<p>Politique de Confidentialit\u00e9 Derni\u00e8re mise \u00e0 jour : [30\/04\/2024] 1. Introduction Chez Xtechtro, situ\u00e9 au Qu\u00e9bec, nous nous engageons \u00e0 prot\u00e9ger la confidentialit\u00e9 et la s\u00e9curit\u00e9 de vos donn\u00e9es personnelles. Cette Politique de Confidentialit\u00e9 explique comment nous collectons, utilisons, divulguons, et prot\u00e9geons les informations que vous nous fournissez lorsque vous utilisez notre site web www.xtechtro.ca. [&hellip;]<\/p>\n","protected":false},"author":1,"featured_media":0,"parent":0,"menu_order":0,"comment_status":"closed","ping_status":"closed","template":"","meta":{"_seopress_robots_primary_cat":"","_seopress_titles_title":"","_seopress_titles_desc":"","_seopress_robots_index":"","ocean_post_layout":"","ocean_both_sidebars_style":"","ocean_both_sidebars_content_width":0,"ocean_both_sidebars_sidebars_width":0,"ocean_sidebar":"","ocean_second_sidebar":"","ocean_disable_margins":"enable","ocean_add_body_class":"","ocean_shortcode_before_top_bar":"","ocean_shortcode_after_top_bar":"","ocean_shortcode_before_header":"","ocean_shortcode_after_header":"","ocean_has_shortcode":"","ocean_shortcode_after_title":"","ocean_shortcode_before_footer_widgets":"","ocean_shortcode_after_footer_widgets":"","ocean_shortcode_before_footer_bottom":"","ocean_shortcode_after_footer_bottom":"","ocean_display_top_bar":"default","ocean_display_header":"default","ocean_header_style":"","ocean_center_header_left_menu":"","ocean_custom_header_template":"","ocean_custom_logo":0,"ocean_custom_retina_logo":0,"ocean_custom_logo_max_width":0,"ocean_custom_logo_tablet_max_width":0,"ocean_custom_logo_mobile_max_width":0,"ocean_custom_logo_max_height":0,"ocean_custom_logo_tablet_max_height":0,"ocean_custom_logo_mobile_max_height":0,"ocean_header_custom_menu":"","ocean_menu_typo_font_family":"","ocean_menu_typo_font_subset":"","ocean_menu_typo_font_size":0,"ocean_menu_typo_font_size_tablet":0,"ocean_menu_typo_font_size_mobile":0,"ocean_menu_typo_font_size_unit":"px","ocean_menu_typo_font_weight":"","ocean_menu_typo_font_weight_tablet":"","ocean_menu_typo_font_weight_mobile":"","ocean_menu_typo_transform":"","ocean_menu_typo_transform_tablet":"","ocean_menu_typo_transform_mobile":"","ocean_menu_typo_line_height":0,"ocean_menu_typo_line_height_tablet":0,"ocean_menu_typo_line_height_mobile":0,"ocean_menu_typo_line_height_unit":"","ocean_menu_typo_spacing":0,"ocean_menu_typo_spacing_tablet":0,"ocean_menu_typo_spacing_mobile":0,"ocean_menu_typo_spacing_unit":"","ocean_menu_link_color":"","ocean_menu_link_color_hover":"","ocean_menu_link_color_active":"","ocean_menu_link_background":"","ocean_menu_link_hover_background":"","ocean_menu_link_active_background":"","ocean_menu_social_links_bg":"","ocean_menu_social_hover_links_bg":"","ocean_menu_social_links_color":"","ocean_menu_social_hover_links_color":"","ocean_disable_title":"default","ocean_disable_heading":"default","ocean_post_title":"","ocean_post_subheading":"","ocean_post_title_style":"","ocean_post_title_background_color":"","ocean_post_title_background":0,"ocean_post_title_bg_image_position":"","ocean_post_title_bg_image_attachment":"","ocean_post_title_bg_image_repeat":"","ocean_post_title_bg_image_size":"","ocean_post_title_height":0,"ocean_post_title_bg_overlay":0.5,"ocean_post_title_bg_overlay_color":"","ocean_disable_breadcrumbs":"default","ocean_breadcrumbs_color":"","ocean_breadcrumbs_separator_color":"","ocean_breadcrumbs_links_color":"","ocean_breadcrumbs_links_hover_color":"","ocean_display_footer_widgets":"default","ocean_display_footer_bottom":"default","ocean_custom_footer_template":"","footnotes":""},"class_list":["post-775","page","type-page","status-publish","hentry","entry"],"_links":{"self":[{"href":"https:\/\/www.xtechtro.ca\/index.php\/wp-json\/wp\/v2\/pages\/775","targetHints":{"allow":["GET"]}}],"collection":[{"href":"https:\/\/www.xtechtro.ca\/index.php\/wp-json\/wp\/v2\/pages"}],"about":[{"href":"https:\/\/www.xtechtro.ca\/index.php\/wp-json\/wp\/v2\/types\/page"}],"author":[{"embeddable":true,"href":"https:\/\/www.xtechtro.ca\/index.php\/wp-json\/wp\/v2\/users\/1"}],"replies":[{"embeddable":true,"href":"https:\/\/www.xtechtro.ca\/index.php\/wp-json\/wp\/v2\/comments?post=775"}],"version-history":[{"count":4,"href":"https:\/\/www.xtechtro.ca\/index.php\/wp-json\/wp\/v2\/pages\/775\/revisions"}],"predecessor-version":[{"id":780,"href":"https:\/\/www.xtechtro.ca\/index.php\/wp-json\/wp\/v2\/pages\/775\/revisions\/780"}],"wp:attachment":[{"href":"https:\/\/www.xtechtro.ca\/index.php\/wp-json\/wp\/v2\/media?parent=775"}],"curies":[{"name":"wp","href":"https:\/\/api.w.org\/{rel}","templated":true}]}}