{"id":784,"date":"2024-04-30T12:43:52","date_gmt":"2024-04-30T16:43:52","guid":{"rendered":"https:\/\/www.xtechtro.ca\/?page_id=784"},"modified":"2024-04-30T12:44:48","modified_gmt":"2024-04-30T16:44:48","slug":"termes-et-conditions","status":"publish","type":"page","link":"https:\/\/www.xtechtro.ca\/index.php\/termes-et-conditions\/","title":{"rendered":"Termes et Conditions"},"content":{"rendered":"\t\t<div data-elementor-type=\"wp-page\" data-elementor-id=\"784\" class=\"elementor elementor-784\" data-elementor-post-type=\"page\">\n\t\t\t\t<div class=\"elementor-element elementor-element-b1c63c6 e-flex e-con-boxed e-con e-parent\" data-id=\"b1c63c6\" data-element_type=\"container\">\n\t\t\t\t\t<div class=\"e-con-inner\">\n\t\t\t\t<div class=\"elementor-element elementor-element-24f00ed elementor-widget elementor-widget-heading\" data-id=\"24f00ed\" data-element_type=\"widget\" data-widget_type=\"heading.default\">\n\t\t\t\t<div class=\"elementor-widget-container\">\n\t\t\t<style>\/*! elementor - v3.21.0 - 30-04-2024 *\/\n.elementor-heading-title{padding:0;margin:0;line-height:1}.elementor-widget-heading .elementor-heading-title[class*=elementor-size-]>a{color:inherit;font-size:inherit;line-height:inherit}.elementor-widget-heading .elementor-heading-title.elementor-size-small{font-size:15px}.elementor-widget-heading .elementor-heading-title.elementor-size-medium{font-size:19px}.elementor-widget-heading .elementor-heading-title.elementor-size-large{font-size:29px}.elementor-widget-heading .elementor-heading-title.elementor-size-xl{font-size:39px}.elementor-widget-heading .elementor-heading-title.elementor-size-xxl{font-size:59px}<\/style><h2 class=\"elementor-heading-title elementor-size-default\">Termes et Conditions <\/h2>\t\t<\/div>\n\t\t\t\t<\/div>\n\t\t\t\t\t<\/div>\n\t\t\t\t<\/div>\n\t\t<div class=\"elementor-element elementor-element-b870a60 e-flex e-con-boxed e-con e-parent\" data-id=\"b870a60\" data-element_type=\"container\">\n\t\t\t\t\t<div class=\"e-con-inner\">\n\t\t\t\t<div class=\"elementor-element elementor-element-ed66941 elementor-widget elementor-widget-text-editor\" data-id=\"ed66941\" data-element_type=\"widget\" data-widget_type=\"text-editor.default\">\n\t\t\t\t<div class=\"elementor-widget-container\">\n\t\t\t<style>\/*! elementor - v3.21.0 - 30-04-2024 *\/\n.elementor-widget-text-editor.elementor-drop-cap-view-stacked .elementor-drop-cap{background-color:#69727d;color:#fff}.elementor-widget-text-editor.elementor-drop-cap-view-framed .elementor-drop-cap{color:#69727d;border:3px solid;background-color:transparent}.elementor-widget-text-editor:not(.elementor-drop-cap-view-default) .elementor-drop-cap{margin-top:8px}.elementor-widget-text-editor:not(.elementor-drop-cap-view-default) .elementor-drop-cap-letter{width:1em;height:1em}.elementor-widget-text-editor .elementor-drop-cap{float:left;text-align:center;line-height:1;font-size:50px}.elementor-widget-text-editor .elementor-drop-cap-letter{display:inline-block}<\/style>\t\t\t\t<p><strong>Derni\u00e8re mise \u00e0 jour : [30\/04\/2024]<\/strong><\/p><p>Bienvenue sur Xtechtro.ca. En utilisant notre site web, vous acceptez de vous conformer et d&rsquo;\u00eatre li\u00e9 par les termes et conditions suivants. Veuillez les lire attentivement avant d&rsquo;utiliser notre service.<\/p><h2>1. Utilisation du Site<\/h2><p>Le site Xtechtro.ca est propri\u00e9t\u00e9 de [Votre Nom de Soci\u00e9t\u00e9] et de ses licenci\u00e9s. Nous vous accordons une licence limit\u00e9e, non exclusive, r\u00e9vocable, pour utiliser notre site pour des consultations personnelles et non commerciales. L&rsquo;utilisation du site \u00e0 des fins commerciales sans autorisation est strictement interdite.<\/p><h2>2. Propri\u00e9t\u00e9 Intellectuelle<\/h2><p>Le contenu publi\u00e9 sur Xtechtro.ca, incluant les textes, graphiques, logos, images, ainsi que la compilation de ces contenus et tout logiciel utilis\u00e9 sur le site, est la propri\u00e9t\u00e9 de [Votre Nom de Soci\u00e9t\u00e9] ou de ses fournisseurs et est prot\u00e9g\u00e9 par les lois canadiennes et internationales sur le droit d&rsquo;auteur.<\/p><h2>3. Votre Compte<\/h2><p>Si vous utilisez ce site, vous \u00eates responsable de la confidentialit\u00e9 de votre compte et de votre mot de passe, ainsi que des activit\u00e9s qui se produisent sous votre compte. Vous vous engagez \u00e0 notifier imm\u00e9diatement [Votre Nom de Soci\u00e9t\u00e9] de toute utilisation non autoris\u00e9e de votre compte.<\/p><h2>4. Liens vers des Sites Tiers<\/h2><p>Xtechtro.ca peut contenir des liens vers des sites tiers qui ne sont pas affili\u00e9s avec nous. Nous ne sommes pas responsables du contenu ou de la fiabilit\u00e9 de ces sites, et nous n&rsquo;endossons pas les produits ou services offerts sur ces sites.<\/p><h2>5. Limitation de Responsabilit\u00e9<\/h2><p>[Xtrechtro.ca] ne sera pas responsable des dommages de toute sorte d\u00e9coulant de l&rsquo;utilisation de ce site, incluant mais non limit\u00e9 \u00e0 des dommages directs, indirects, accessoires, punitifs et cons\u00e9cutifs.<\/p><h2>6. Indemnisation<\/h2><p>Vous acceptez d&rsquo;indemniser et de d\u00e9gager de responsabilit\u00e9 [Votre Nom de Soci\u00e9t\u00e9] et ses affili\u00e9s contre toute r\u00e9clamation, pertes, dommages, co\u00fbts, d\u00e9penses et autres frais d\u00e9coulant de votre violation de ces Termes et Conditions ou de votre utilisation du site.<\/p><h2>7. Modifications des Termes<\/h2><p>[Xtrechtro.ca] se r\u00e9serve le droit de modifier ces Termes et Conditions \u00e0 tout moment. Votre utilisation continue du site apr\u00e8s de telles modifications constitue votre consentement \u00e0 suivre et \u00eatre li\u00e9 par les Termes et Conditions modifi\u00e9s.<\/p><h2>8. Droit Applicable<\/h2><p>Ces Termes et Conditions sont r\u00e9gis par et construits en accord avec les lois de la province de Qu\u00e9bec et les lois du Canada applicables.<\/p><h2>9. Contact<\/h2><p>Pour toute question ou commentaire concernant ces Termes et Conditions, veuillez nous contacter \u00e0 info@legroupfitz.com.<\/p>\t\t\t\t\t\t<\/div>\n\t\t\t\t<\/div>\n\t\t\t\t\t<\/div>\n\t\t\t\t<\/div>\n\t\t\t\t<\/div>\n\t\t","protected":false},"excerpt":{"rendered":"<p>Termes et Conditions Derni\u00e8re mise \u00e0 jour : [30\/04\/2024] Bienvenue sur Xtechtro.ca. En utilisant notre site web, vous acceptez de vous conformer et d&rsquo;\u00eatre li\u00e9 par les termes et conditions suivants. Veuillez les lire attentivement avant d&rsquo;utiliser notre service. 1. Utilisation du Site Le site Xtechtro.ca est propri\u00e9t\u00e9 de [Votre Nom de Soci\u00e9t\u00e9] et de [&hellip;]<\/p>\n","protected":false},"author":1,"featured_media":0,"parent":0,"menu_order":0,"comment_status":"closed","ping_status":"closed","template":"","meta":{"_seopress_robots_primary_cat":"","_seopress_titles_title":"","_seopress_titles_desc":"","_seopress_robots_index":"","ocean_post_layout":"","ocean_both_sidebars_style":"","ocean_both_sidebars_content_width":0,"ocean_both_sidebars_sidebars_width":0,"ocean_sidebar":"","ocean_second_sidebar":"","ocean_disable_margins":"enable","ocean_add_body_class":"","ocean_shortcode_before_top_bar":"","ocean_shortcode_after_top_bar":"","ocean_shortcode_before_header":"","ocean_shortcode_after_header":"","ocean_has_shortcode":"","ocean_shortcode_after_title":"","ocean_shortcode_before_footer_widgets":"","ocean_shortcode_after_footer_widgets":"","ocean_shortcode_before_footer_bottom":"","ocean_shortcode_after_footer_bottom":"","ocean_display_top_bar":"default","ocean_display_header":"default","ocean_header_style":"","ocean_center_header_left_menu":"","ocean_custom_header_template":"","ocean_custom_logo":0,"ocean_custom_retina_logo":0,"ocean_custom_logo_max_width":0,"ocean_custom_logo_tablet_max_width":0,"ocean_custom_logo_mobile_max_width":0,"ocean_custom_logo_max_height":0,"ocean_custom_logo_tablet_max_height":0,"ocean_custom_logo_mobile_max_height":0,"ocean_header_custom_menu":"","ocean_menu_typo_font_family":"","ocean_menu_typo_font_subset":"","ocean_menu_typo_font_size":0,"ocean_menu_typo_font_size_tablet":0,"ocean_menu_typo_font_size_mobile":0,"ocean_menu_typo_font_size_unit":"px","ocean_menu_typo_font_weight":"","ocean_menu_typo_font_weight_tablet":"","ocean_menu_typo_font_weight_mobile":"","ocean_menu_typo_transform":"","ocean_menu_typo_transform_tablet":"","ocean_menu_typo_transform_mobile":"","ocean_menu_typo_line_height":0,"ocean_menu_typo_line_height_tablet":0,"ocean_menu_typo_line_height_mobile":0,"ocean_menu_typo_line_height_unit":"","ocean_menu_typo_spacing":0,"ocean_menu_typo_spacing_tablet":0,"ocean_menu_typo_spacing_mobile":0,"ocean_menu_typo_spacing_unit":"","ocean_menu_link_color":"","ocean_menu_link_color_hover":"","ocean_menu_link_color_active":"","ocean_menu_link_background":"","ocean_menu_link_hover_background":"","ocean_menu_link_active_background":"","ocean_menu_social_links_bg":"","ocean_menu_social_hover_links_bg":"","ocean_menu_social_links_color":"","ocean_menu_social_hover_links_color":"","ocean_disable_title":"default","ocean_disable_heading":"default","ocean_post_title":"","ocean_post_subheading":"","ocean_post_title_style":"","ocean_post_title_background_color":"","ocean_post_title_background":0,"ocean_post_title_bg_image_position":"","ocean_post_title_bg_image_attachment":"","ocean_post_title_bg_image_repeat":"","ocean_post_title_bg_image_size":"","ocean_post_title_height":0,"ocean_post_title_bg_overlay":0.5,"ocean_post_title_bg_overlay_color":"","ocean_disable_breadcrumbs":"default","ocean_breadcrumbs_color":"","ocean_breadcrumbs_separator_color":"","ocean_breadcrumbs_links_color":"","ocean_breadcrumbs_links_hover_color":"","ocean_display_footer_widgets":"default","ocean_display_footer_bottom":"default","ocean_custom_footer_template":"","footnotes":""},"class_list":["post-784","page","type-page","status-publish","hentry","entry"],"_links":{"self":[{"href":"https:\/\/www.xtechtro.ca\/index.php\/wp-json\/wp\/v2\/pages\/784","targetHints":{"allow":["GET"]}}],"collection":[{"href":"https:\/\/www.xtechtro.ca\/index.php\/wp-json\/wp\/v2\/pages"}],"about":[{"href":"https:\/\/www.xtechtro.ca\/index.php\/wp-json\/wp\/v2\/types\/page"}],"author":[{"embeddable":true,"href":"https:\/\/www.xtechtro.ca\/index.php\/wp-json\/wp\/v2\/users\/1"}],"replies":[{"embeddable":true,"href":"https:\/\/www.xtechtro.ca\/index.php\/wp-json\/wp\/v2\/comments?post=784"}],"version-history":[{"count":4,"href":"https:\/\/www.xtechtro.ca\/index.php\/wp-json\/wp\/v2\/pages\/784\/revisions"}],"predecessor-version":[{"id":789,"href":"https:\/\/www.xtechtro.ca\/index.php\/wp-json\/wp\/v2\/pages\/784\/revisions\/789"}],"wp:attachment":[{"href":"https:\/\/www.xtechtro.ca\/index.php\/wp-json\/wp\/v2\/media?parent=784"}],"curies":[{"name":"wp","href":"https:\/\/api.w.org\/{rel}","templated":true}]}}